{"id":14700,"date":"2025-10-30T13:09:20","date_gmt":"2025-10-30T13:09:20","guid":{"rendered":"https:\/\/store.heroesdelsilencio.com\/producto\/kobenhavn-mens-polo-shirt\/"},"modified":"2026-02-22T14:31:29","modified_gmt":"2026-02-22T14:31:29","slug":"kobenhavn-mens-polo-shirt","status":"publish","type":"product","link":"https:\/\/store.heroesdelsilencio.com\/en\/product\/kobenhavn-mens-polo-shirt\/","title":{"rendered":"K\u00d8BENHAVN MEN&#8217;S POLO SHIRT"},"content":{"rendered":"<p>LYCRA ENSURES A PERFECT FIT AT ALL TIMES. COMFORTABLE FABRIC TO WEAR. 205-210 GR\/M2. OEKO-TEX CERTIFIED. 95% COTTON \/ 5% LYCRA. PLACKET WITH 3 CONTRASTED BUTTONS. RIBBING ON COLLAR AND SLEEVE HEMS. SHORT COLLAR. REINFORCED SHOULDERS. SIDE VENTS WITH HERRINGBONE REINFORCEMENT. VERY SOFT TOUCH. SLIM CUT.           <\/p>\n","protected":false},"excerpt":{"rendered":"<p>K\u00d8BENHAVN MEN&#8217;S POLO SHIRT<\/p>\n","protected":false},"featured_media":14706,"comment_status":"closed","ping_status":"closed","template":"","meta":[],"product_brand":[],"product_cat":[411,510,509],"product_tag":[],"class_list":{"0":"post-14700","1":"product","2":"type-product","3":"status-publish","4":"has-post-thumbnail","6":"product_cat-clothes","7":"product_cat-man-polo-shirt-2","8":"product_cat-polo-shirts","9":"pa_modelo-kobenhavn","10":"pa_talla-s","11":"pa_talla-m","12":"pa_talla-l","13":"pa_talla-xl","14":"pa_talla-2xl","16":"first","17":"onbackorder","18":"taxable","19":"shipping-taxable","20":"purchasable","21":"product-type-variable"},"yoast_head":"<!-- This site is optimized with the Yoast SEO plugin v27.3 - https:\/\/yoast.com\/product\/yoast-seo-wordpress\/ -->\n<title>K\u00d8BENHAVN MEN&#039;S POLO SHIRT - H\u00c9ROES DEL SILENCIO<\/title>\n<meta name=\"robots\" content=\"index, follow, max-snippet:-1, max-image-preview:large, max-video-preview:-1\" \/>\n<link rel=\"canonical\" href=\"https:\/\/store.heroesdelsilencio.com\/en\/product\/kobenhavn-mens-polo-shirt\/\" \/>\n<meta property=\"og:locale\" content=\"en_US\" \/>\n<meta property=\"og:type\" content=\"article\" \/>\n<meta property=\"og:title\" content=\"K\u00d8BENHAVN MEN&#039;S POLO SHIRT - H\u00c9ROES DEL SILENCIO\" \/>\n<meta property=\"og:description\" content=\"K\u00d8BENHAVN MEN&#039;S POLO SHIRT\" \/>\n<meta property=\"og:url\" content=\"https:\/\/store.heroesdelsilencio.com\/en\/product\/kobenhavn-mens-polo-shirt\/\" \/>\n<meta property=\"og:site_name\" content=\"H\u00c9ROES DEL SILENCIO\" \/>\n<meta property=\"article:modified_time\" content=\"2026-02-22T14:31:29+00:00\" \/>\n<meta property=\"og:image\" content=\"https:\/\/store.heroesdelsilencio.com\/wp-content\/uploads\/2024\/08\/hdspol01-1300x867.jpg\" \/>\n\t<meta property=\"og:image:width\" content=\"1300\" \/>\n\t<meta property=\"og:image:height\" content=\"867\" \/>\n\t<meta property=\"og:image:type\" content=\"image\/jpeg\" \/>\n<meta name=\"twitter:card\" content=\"summary_large_image\" \/>\n<script type=\"application\/ld+json\" class=\"yoast-schema-graph\">{\"@context\":\"https:\\\/\\\/schema.org\",\"@graph\":[{\"@type\":\"WebPage\",\"@id\":\"https:\\\/\\\/store.heroesdelsilencio.com\\\/en\\\/product\\\/kobenhavn-mens-polo-shirt\\\/\",\"url\":\"https:\\\/\\\/store.heroesdelsilencio.com\\\/en\\\/product\\\/kobenhavn-mens-polo-shirt\\\/\",\"name\":\"K\u00d8BENHAVN MEN'S POLO SHIRT - H\u00c9ROES DEL SILENCIO\",\"isPartOf\":{\"@id\":\"https:\\\/\\\/store.heroesdelsilencio.com\\\/en\\\/#website\"},\"primaryImageOfPage\":{\"@id\":\"https:\\\/\\\/store.heroesdelsilencio.com\\\/en\\\/product\\\/kobenhavn-mens-polo-shirt\\\/#primaryimage\"},\"image\":{\"@id\":\"https:\\\/\\\/store.heroesdelsilencio.com\\\/en\\\/product\\\/kobenhavn-mens-polo-shirt\\\/#primaryimage\"},\"thumbnailUrl\":\"https:\\\/\\\/store.heroesdelsilencio.com\\\/wp-content\\\/uploads\\\/2024\\\/08\\\/hdspol01.jpg\",\"datePublished\":\"2025-10-30T13:09:20+00:00\",\"dateModified\":\"2026-02-22T14:31:29+00:00\",\"breadcrumb\":{\"@id\":\"https:\\\/\\\/store.heroesdelsilencio.com\\\/en\\\/product\\\/kobenhavn-mens-polo-shirt\\\/#breadcrumb\"},\"inLanguage\":\"en-US\",\"potentialAction\":[{\"@type\":\"ReadAction\",\"target\":[\"https:\\\/\\\/store.heroesdelsilencio.com\\\/en\\\/product\\\/kobenhavn-mens-polo-shirt\\\/\"]}]},{\"@type\":\"ImageObject\",\"inLanguage\":\"en-US\",\"@id\":\"https:\\\/\\\/store.heroesdelsilencio.com\\\/en\\\/product\\\/kobenhavn-mens-polo-shirt\\\/#primaryimage\",\"url\":\"https:\\\/\\\/store.heroesdelsilencio.com\\\/wp-content\\\/uploads\\\/2024\\\/08\\\/hdspol01.jpg\",\"contentUrl\":\"https:\\\/\\\/store.heroesdelsilencio.com\\\/wp-content\\\/uploads\\\/2024\\\/08\\\/hdspol01.jpg\",\"width\":3496,\"height\":3496},{\"@type\":\"BreadcrumbList\",\"@id\":\"https:\\\/\\\/store.heroesdelsilencio.com\\\/en\\\/product\\\/kobenhavn-mens-polo-shirt\\\/#breadcrumb\",\"itemListElement\":[{\"@type\":\"ListItem\",\"position\":1,\"name\":\"Portada\",\"item\":\"https:\\\/\\\/store.heroesdelsilencio.com\\\/en\\\/\"},{\"@type\":\"ListItem\",\"position\":2,\"name\":\"Shop\",\"item\":\"https:\\\/\\\/store.heroesdelsilencio.com\\\/tienda\\\/\"},{\"@type\":\"ListItem\",\"position\":3,\"name\":\"K\u00d8BENHAVN MEN&#8217;S POLO SHIRT\"}]},{\"@type\":\"WebSite\",\"@id\":\"https:\\\/\\\/store.heroesdelsilencio.com\\\/en\\\/#website\",\"url\":\"https:\\\/\\\/store.heroesdelsilencio.com\\\/en\\\/\",\"name\":\"H\u00c9ROES DEL SILENCIO\",\"description\":\"\",\"potentialAction\":[{\"@type\":\"SearchAction\",\"target\":{\"@type\":\"EntryPoint\",\"urlTemplate\":\"https:\\\/\\\/store.heroesdelsilencio.com\\\/en\\\/?s={search_term_string}\"},\"query-input\":{\"@type\":\"PropertyValueSpecification\",\"valueRequired\":true,\"valueName\":\"search_term_string\"}}],\"inLanguage\":\"en-US\"}]}<\/script>\n<!-- \/ Yoast SEO plugin. -->","yoast_head_json":{"title":"K\u00d8BENHAVN MEN'S POLO SHIRT - H\u00c9ROES DEL SILENCIO","robots":{"index":"index","follow":"follow","max-snippet":"max-snippet:-1","max-image-preview":"max-image-preview:large","max-video-preview":"max-video-preview:-1"},"canonical":"https:\/\/store.heroesdelsilencio.com\/en\/product\/kobenhavn-mens-polo-shirt\/","og_locale":"en_US","og_type":"article","og_title":"K\u00d8BENHAVN MEN'S POLO SHIRT - H\u00c9ROES DEL SILENCIO","og_description":"K\u00d8BENHAVN MEN'S POLO SHIRT","og_url":"https:\/\/store.heroesdelsilencio.com\/en\/product\/kobenhavn-mens-polo-shirt\/","og_site_name":"H\u00c9ROES DEL SILENCIO","article_modified_time":"2026-02-22T14:31:29+00:00","og_image":[{"width":1300,"height":867,"url":"https:\/\/store.heroesdelsilencio.com\/wp-content\/uploads\/2024\/08\/hdspol01-1300x867.jpg","type":"image\/jpeg"}],"twitter_card":"summary_large_image","schema":{"@context":"https:\/\/schema.org","@graph":[{"@type":"WebPage","@id":"https:\/\/store.heroesdelsilencio.com\/en\/product\/kobenhavn-mens-polo-shirt\/","url":"https:\/\/store.heroesdelsilencio.com\/en\/product\/kobenhavn-mens-polo-shirt\/","name":"K\u00d8BENHAVN MEN'S POLO SHIRT - H\u00c9ROES DEL SILENCIO","isPartOf":{"@id":"https:\/\/store.heroesdelsilencio.com\/en\/#website"},"primaryImageOfPage":{"@id":"https:\/\/store.heroesdelsilencio.com\/en\/product\/kobenhavn-mens-polo-shirt\/#primaryimage"},"image":{"@id":"https:\/\/store.heroesdelsilencio.com\/en\/product\/kobenhavn-mens-polo-shirt\/#primaryimage"},"thumbnailUrl":"https:\/\/store.heroesdelsilencio.com\/wp-content\/uploads\/2024\/08\/hdspol01.jpg","datePublished":"2025-10-30T13:09:20+00:00","dateModified":"2026-02-22T14:31:29+00:00","breadcrumb":{"@id":"https:\/\/store.heroesdelsilencio.com\/en\/product\/kobenhavn-mens-polo-shirt\/#breadcrumb"},"inLanguage":"en-US","potentialAction":[{"@type":"ReadAction","target":["https:\/\/store.heroesdelsilencio.com\/en\/product\/kobenhavn-mens-polo-shirt\/"]}]},{"@type":"ImageObject","inLanguage":"en-US","@id":"https:\/\/store.heroesdelsilencio.com\/en\/product\/kobenhavn-mens-polo-shirt\/#primaryimage","url":"https:\/\/store.heroesdelsilencio.com\/wp-content\/uploads\/2024\/08\/hdspol01.jpg","contentUrl":"https:\/\/store.heroesdelsilencio.com\/wp-content\/uploads\/2024\/08\/hdspol01.jpg","width":3496,"height":3496},{"@type":"BreadcrumbList","@id":"https:\/\/store.heroesdelsilencio.com\/en\/product\/kobenhavn-mens-polo-shirt\/#breadcrumb","itemListElement":[{"@type":"ListItem","position":1,"name":"Portada","item":"https:\/\/store.heroesdelsilencio.com\/en\/"},{"@type":"ListItem","position":2,"name":"Shop","item":"https:\/\/store.heroesdelsilencio.com\/tienda\/"},{"@type":"ListItem","position":3,"name":"K\u00d8BENHAVN MEN&#8217;S POLO SHIRT"}]},{"@type":"WebSite","@id":"https:\/\/store.heroesdelsilencio.com\/en\/#website","url":"https:\/\/store.heroesdelsilencio.com\/en\/","name":"H\u00c9ROES DEL SILENCIO","description":"","potentialAction":[{"@type":"SearchAction","target":{"@type":"EntryPoint","urlTemplate":"https:\/\/store.heroesdelsilencio.com\/en\/?s={search_term_string}"},"query-input":{"@type":"PropertyValueSpecification","valueRequired":true,"valueName":"search_term_string"}}],"inLanguage":"en-US"}]}},"_links":{"self":[{"href":"https:\/\/store.heroesdelsilencio.com\/en\/wp-json\/wp\/v2\/product\/14700","targetHints":{"allow":["GET"]}}],"collection":[{"href":"https:\/\/store.heroesdelsilencio.com\/en\/wp-json\/wp\/v2\/product"}],"about":[{"href":"https:\/\/store.heroesdelsilencio.com\/en\/wp-json\/wp\/v2\/types\/product"}],"replies":[{"embeddable":true,"href":"https:\/\/store.heroesdelsilencio.com\/en\/wp-json\/wp\/v2\/comments?post=14700"}],"wp:featuredmedia":[{"embeddable":true,"href":"https:\/\/store.heroesdelsilencio.com\/en\/wp-json\/wp\/v2\/media\/14706"}],"wp:attachment":[{"href":"https:\/\/store.heroesdelsilencio.com\/en\/wp-json\/wp\/v2\/media?parent=14700"}],"wp:term":[{"taxonomy":"product_brand","embeddable":true,"href":"https:\/\/store.heroesdelsilencio.com\/en\/wp-json\/wp\/v2\/product_brand?post=14700"},{"taxonomy":"product_cat","embeddable":true,"href":"https:\/\/store.heroesdelsilencio.com\/en\/wp-json\/wp\/v2\/product_cat?post=14700"},{"taxonomy":"product_tag","embeddable":true,"href":"https:\/\/store.heroesdelsilencio.com\/en\/wp-json\/wp\/v2\/product_tag?post=14700"}],"curies":[{"name":"wp","href":"https:\/\/api.w.org\/{rel}","templated":true}]}}