{"id":14742,"date":"2025-10-30T15:31:10","date_gmt":"2025-10-30T15:31:10","guid":{"rendered":"https:\/\/store.heroesdelsilencio.com\/producto\/munchen-cap\/"},"modified":"2025-09-25T08:32:35","modified_gmt":"2025-09-25T08:32:35","slug":"munchen-cap","status":"publish","type":"product","link":"https:\/\/store.heroesdelsilencio.com\/en\/product\/munchen-cap\/","title":{"rendered":"M\u00dcNCHEN CAP"},"content":{"rendered":"<p>CAP WITH SOFT AND COMFORTABLE TO WEAR CROWN, EXCLUSIVE EMBROIDERY IN SILVER THREAD, MADE WITH COTTON GROWN WITH LOW ENVIRONMENTAL IMPACT METHODS, WITHOUT THE USE OF PESTICIDES, TOXIC CHEMICAL FERTILIZERS AND FROM CONTROLLED AND CERTIFIED ORGANIC CROPS. FULL METAL BUCKLE.<\/p>\n","protected":false},"excerpt":{"rendered":"<p>M\u00dcNCHEN CAP<\/p>\n","protected":false},"featured_media":14743,"comment_status":"closed","ping_status":"closed","template":"","meta":[],"product_brand":[],"product_cat":[464,411],"product_tag":[],"class_list":{"0":"post-14742","1":"product","2":"type-product","3":"status-publish","4":"has-post-thumbnail","6":"product_cat-cap-3","7":"product_cat-clothes","9":"first","10":"onbackorder","11":"taxable","12":"shipping-taxable","13":"purchasable","14":"product-type-simple"},"yoast_head":"<!-- This site is optimized with the Yoast SEO plugin v27.4 - https:\/\/yoast.com\/product\/yoast-seo-wordpress\/ -->\n<title>M\u00dcNCHEN CAP - H\u00c9ROES DEL SILENCIO<\/title>\n<meta name=\"robots\" content=\"index, follow, max-snippet:-1, max-image-preview:large, max-video-preview:-1\" \/>\n<link rel=\"canonical\" href=\"https:\/\/store.heroesdelsilencio.com\/en\/product\/munchen-cap\/\" \/>\n<meta property=\"og:locale\" content=\"en_US\" \/>\n<meta property=\"og:type\" content=\"article\" \/>\n<meta property=\"og:title\" content=\"M\u00dcNCHEN CAP - H\u00c9ROES DEL SILENCIO\" \/>\n<meta property=\"og:description\" content=\"M\u00dcNCHEN CAP\" \/>\n<meta property=\"og:url\" content=\"https:\/\/store.heroesdelsilencio.com\/en\/product\/munchen-cap\/\" \/>\n<meta property=\"og:site_name\" content=\"H\u00c9ROES DEL SILENCIO\" \/>\n<meta property=\"og:image\" content=\"https:\/\/store.heroesdelsilencio.com\/wp-content\/uploads\/2024\/08\/hdsgra01-1300x867.jpg\" \/>\n\t<meta property=\"og:image:width\" content=\"1300\" \/>\n\t<meta property=\"og:image:height\" content=\"867\" \/>\n\t<meta property=\"og:image:type\" content=\"image\/jpeg\" \/>\n<meta name=\"twitter:card\" content=\"summary_large_image\" \/>\n<script type=\"application\/ld+json\" class=\"yoast-schema-graph\">{\"@context\":\"https:\\\/\\\/schema.org\",\"@graph\":[{\"@type\":\"WebPage\",\"@id\":\"https:\\\/\\\/store.heroesdelsilencio.com\\\/en\\\/product\\\/munchen-cap\\\/\",\"url\":\"https:\\\/\\\/store.heroesdelsilencio.com\\\/en\\\/product\\\/munchen-cap\\\/\",\"name\":\"M\u00dcNCHEN CAP - H\u00c9ROES DEL SILENCIO\",\"isPartOf\":{\"@id\":\"https:\\\/\\\/store.heroesdelsilencio.com\\\/en\\\/#website\"},\"primaryImageOfPage\":{\"@id\":\"https:\\\/\\\/store.heroesdelsilencio.com\\\/en\\\/product\\\/munchen-cap\\\/#primaryimage\"},\"image\":{\"@id\":\"https:\\\/\\\/store.heroesdelsilencio.com\\\/en\\\/product\\\/munchen-cap\\\/#primaryimage\"},\"thumbnailUrl\":\"https:\\\/\\\/store.heroesdelsilencio.com\\\/wp-content\\\/uploads\\\/2024\\\/08\\\/hdsgra01.jpg\",\"datePublished\":\"2025-10-30T15:31:10+00:00\",\"breadcrumb\":{\"@id\":\"https:\\\/\\\/store.heroesdelsilencio.com\\\/en\\\/product\\\/munchen-cap\\\/#breadcrumb\"},\"inLanguage\":\"en-US\",\"potentialAction\":[{\"@type\":\"ReadAction\",\"target\":[\"https:\\\/\\\/store.heroesdelsilencio.com\\\/en\\\/product\\\/munchen-cap\\\/\"]}]},{\"@type\":\"ImageObject\",\"inLanguage\":\"en-US\",\"@id\":\"https:\\\/\\\/store.heroesdelsilencio.com\\\/en\\\/product\\\/munchen-cap\\\/#primaryimage\",\"url\":\"https:\\\/\\\/store.heroesdelsilencio.com\\\/wp-content\\\/uploads\\\/2024\\\/08\\\/hdsgra01.jpg\",\"contentUrl\":\"https:\\\/\\\/store.heroesdelsilencio.com\\\/wp-content\\\/uploads\\\/2024\\\/08\\\/hdsgra01.jpg\",\"width\":3496,\"height\":3496},{\"@type\":\"BreadcrumbList\",\"@id\":\"https:\\\/\\\/store.heroesdelsilencio.com\\\/en\\\/product\\\/munchen-cap\\\/#breadcrumb\",\"itemListElement\":[{\"@type\":\"ListItem\",\"position\":1,\"name\":\"Portada\",\"item\":\"https:\\\/\\\/store.heroesdelsilencio.com\\\/en\\\/\"},{\"@type\":\"ListItem\",\"position\":2,\"name\":\"Shop\",\"item\":\"https:\\\/\\\/store.heroesdelsilencio.com\\\/tienda\\\/\"},{\"@type\":\"ListItem\",\"position\":3,\"name\":\"M\u00dcNCHEN CAP\"}]},{\"@type\":\"WebSite\",\"@id\":\"https:\\\/\\\/store.heroesdelsilencio.com\\\/en\\\/#website\",\"url\":\"https:\\\/\\\/store.heroesdelsilencio.com\\\/en\\\/\",\"name\":\"H\u00c9ROES DEL SILENCIO\",\"description\":\"\",\"potentialAction\":[{\"@type\":\"SearchAction\",\"target\":{\"@type\":\"EntryPoint\",\"urlTemplate\":\"https:\\\/\\\/store.heroesdelsilencio.com\\\/en\\\/?s={search_term_string}\"},\"query-input\":{\"@type\":\"PropertyValueSpecification\",\"valueRequired\":true,\"valueName\":\"search_term_string\"}}],\"inLanguage\":\"en-US\"}]}<\/script>\n<!-- \/ Yoast SEO plugin. -->","yoast_head_json":{"title":"M\u00dcNCHEN CAP - H\u00c9ROES DEL SILENCIO","robots":{"index":"index","follow":"follow","max-snippet":"max-snippet:-1","max-image-preview":"max-image-preview:large","max-video-preview":"max-video-preview:-1"},"canonical":"https:\/\/store.heroesdelsilencio.com\/en\/product\/munchen-cap\/","og_locale":"en_US","og_type":"article","og_title":"M\u00dcNCHEN CAP - H\u00c9ROES DEL SILENCIO","og_description":"M\u00dcNCHEN CAP","og_url":"https:\/\/store.heroesdelsilencio.com\/en\/product\/munchen-cap\/","og_site_name":"H\u00c9ROES DEL SILENCIO","og_image":[{"width":1300,"height":867,"url":"https:\/\/store.heroesdelsilencio.com\/wp-content\/uploads\/2024\/08\/hdsgra01-1300x867.jpg","type":"image\/jpeg"}],"twitter_card":"summary_large_image","schema":{"@context":"https:\/\/schema.org","@graph":[{"@type":"WebPage","@id":"https:\/\/store.heroesdelsilencio.com\/en\/product\/munchen-cap\/","url":"https:\/\/store.heroesdelsilencio.com\/en\/product\/munchen-cap\/","name":"M\u00dcNCHEN CAP - H\u00c9ROES DEL SILENCIO","isPartOf":{"@id":"https:\/\/store.heroesdelsilencio.com\/en\/#website"},"primaryImageOfPage":{"@id":"https:\/\/store.heroesdelsilencio.com\/en\/product\/munchen-cap\/#primaryimage"},"image":{"@id":"https:\/\/store.heroesdelsilencio.com\/en\/product\/munchen-cap\/#primaryimage"},"thumbnailUrl":"https:\/\/store.heroesdelsilencio.com\/wp-content\/uploads\/2024\/08\/hdsgra01.jpg","datePublished":"2025-10-30T15:31:10+00:00","breadcrumb":{"@id":"https:\/\/store.heroesdelsilencio.com\/en\/product\/munchen-cap\/#breadcrumb"},"inLanguage":"en-US","potentialAction":[{"@type":"ReadAction","target":["https:\/\/store.heroesdelsilencio.com\/en\/product\/munchen-cap\/"]}]},{"@type":"ImageObject","inLanguage":"en-US","@id":"https:\/\/store.heroesdelsilencio.com\/en\/product\/munchen-cap\/#primaryimage","url":"https:\/\/store.heroesdelsilencio.com\/wp-content\/uploads\/2024\/08\/hdsgra01.jpg","contentUrl":"https:\/\/store.heroesdelsilencio.com\/wp-content\/uploads\/2024\/08\/hdsgra01.jpg","width":3496,"height":3496},{"@type":"BreadcrumbList","@id":"https:\/\/store.heroesdelsilencio.com\/en\/product\/munchen-cap\/#breadcrumb","itemListElement":[{"@type":"ListItem","position":1,"name":"Portada","item":"https:\/\/store.heroesdelsilencio.com\/en\/"},{"@type":"ListItem","position":2,"name":"Shop","item":"https:\/\/store.heroesdelsilencio.com\/tienda\/"},{"@type":"ListItem","position":3,"name":"M\u00dcNCHEN CAP"}]},{"@type":"WebSite","@id":"https:\/\/store.heroesdelsilencio.com\/en\/#website","url":"https:\/\/store.heroesdelsilencio.com\/en\/","name":"H\u00c9ROES DEL SILENCIO","description":"","potentialAction":[{"@type":"SearchAction","target":{"@type":"EntryPoint","urlTemplate":"https:\/\/store.heroesdelsilencio.com\/en\/?s={search_term_string}"},"query-input":{"@type":"PropertyValueSpecification","valueRequired":true,"valueName":"search_term_string"}}],"inLanguage":"en-US"}]}},"_links":{"self":[{"href":"https:\/\/store.heroesdelsilencio.com\/en\/wp-json\/wp\/v2\/product\/14742","targetHints":{"allow":["GET"]}}],"collection":[{"href":"https:\/\/store.heroesdelsilencio.com\/en\/wp-json\/wp\/v2\/product"}],"about":[{"href":"https:\/\/store.heroesdelsilencio.com\/en\/wp-json\/wp\/v2\/types\/product"}],"replies":[{"embeddable":true,"href":"https:\/\/store.heroesdelsilencio.com\/en\/wp-json\/wp\/v2\/comments?post=14742"}],"wp:featuredmedia":[{"embeddable":true,"href":"https:\/\/store.heroesdelsilencio.com\/en\/wp-json\/wp\/v2\/media\/14743"}],"wp:attachment":[{"href":"https:\/\/store.heroesdelsilencio.com\/en\/wp-json\/wp\/v2\/media?parent=14742"}],"wp:term":[{"taxonomy":"product_brand","embeddable":true,"href":"https:\/\/store.heroesdelsilencio.com\/en\/wp-json\/wp\/v2\/product_brand?post=14742"},{"taxonomy":"product_cat","embeddable":true,"href":"https:\/\/store.heroesdelsilencio.com\/en\/wp-json\/wp\/v2\/product_cat?post=14742"},{"taxonomy":"product_tag","embeddable":true,"href":"https:\/\/store.heroesdelsilencio.com\/en\/wp-json\/wp\/v2\/product_tag?post=14742"}],"curies":[{"name":"wp","href":"https:\/\/api.w.org\/{rel}","templated":true}]}}